

{"id":950,"date":"2021-07-12T09:47:53","date_gmt":"2021-07-12T09:47:53","guid":{"rendered":"https:\/\/demo2wpopal.b-cdn.net\/bodoni\/?page_id=950"},"modified":"2023-09-05T09:41:16","modified_gmt":"2023-09-05T09:41:16","slug":"our-story","status":"publish","type":"page","link":"https:\/\/vinarijasalasnas.rs\/?page_id=950","title":{"rendered":"Our story"},"content":{"rendered":"\t\t<div data-elementor-type=\"wp-page\" data-elementor-id=\"950\" class=\"elementor elementor-950\" data-elementor-settings=\"[]\">\n\t\t\t\t\t\t\t<div class=\"elementor-section-wrap\">\n\t\t\t\t\t\t\t<div class=\"elementor-section elementor-top-section elementor-element elementor-element-6d6e1ce elementor-section-full_width elementor-section-stretched elementor-section-height-min-height elementor-section-height-default elementor-section-items-middle\" data-id=\"6d6e1ce\" data-element_type=\"section\" data-settings=\"{&quot;stretch_section&quot;:&quot;section-stretched&quot;,&quot;background_background&quot;:&quot;classic&quot;}\">\n\t\t\t\t\t\t\t<div class=\"elementor-background-overlay\"><\/div>\n\t\t\t\t\t\t\t<div class=\"elementor-container elementor-column-gap-no\">\n\t\t\t\t\t<div class=\"elementor-column elementor-col-100 elementor-top-column elementor-element elementor-element-47de35c\" data-id=\"47de35c\" data-element_type=\"column\">\n\t\t\t<div class=\"elementor-widget-wrap elementor-element-populated\">\n\t\t\t\t\t\t\t\t<div class=\"elementor-element elementor-element-b1bdcd7 elementor-widget elementor-widget-heading\" data-id=\"b1bdcd7\" data-element_type=\"widget\" data-widget_type=\"heading.default\">\n\t\t\t\t<div class=\"elementor-widget-container\">\n\t\t\t<h2 class=\"elementor-heading-title elementor-size-default\">Upoznajte<\/h2>\t\t<\/div>\n\t\t\t\t<\/div>\n\t\t\t\t<div class=\"elementor-element elementor-element-cb5f012 elementor-widget elementor-widget-heading\" data-id=\"cb5f012\" data-element_type=\"widget\" data-widget_type=\"heading.default\">\n\t\t\t\t<div class=\"elementor-widget-container\">\n\t\t\t<h2 class=\"elementor-heading-title elementor-size-default\">Vinariju sa <br>krajnjeg severa<\/h2>\t\t<\/div>\n\t\t\t\t<\/div>\n\t\t\t\t\t<\/div>\n\t\t<\/div>\n\t\t\t\t\t\t\t<\/div>\n\t\t<\/div>\n\t\t\t\t<div class=\"elementor-section elementor-top-section elementor-element elementor-element-6448640 elementor-section-stretched elementor-hidden-phone elementor-section-boxed elementor-section-height-default elementor-section-height-default\" data-id=\"6448640\" data-element_type=\"section\" data-settings=\"{&quot;stretch_section&quot;:&quot;section-stretched&quot;}\">\n\t\t\t\t\t\t<div class=\"elementor-container elementor-column-gap-no\">\n\t\t\t\t\t<div class=\"elementor-column elementor-col-100 elementor-top-column elementor-element elementor-element-1a1ea02\" data-id=\"1a1ea02\" data-element_type=\"column\">\n\t\t\t<div class=\"elementor-widget-wrap elementor-element-populated\">\n\t\t\t\t\t\t\t\t<div class=\"elementor-element elementor-element-e126d7e elementor-widget__width-initial elementor-absolute elementor-widget-tablet__width-initial elementor-widget elementor-widget-image\" data-id=\"e126d7e\" data-element_type=\"widget\" data-settings=\"{&quot;_position&quot;:&quot;absolute&quot;}\" data-widget_type=\"image.default\">\n\t\t\t\t<div class=\"elementor-widget-container\">\n\t\t\t\t\t\t\t\t\t\t\t\t\t\t\t<img decoding=\"async\" width=\"980\" height=\"654\" src=\"https:\/\/vinarijasalasnas.rs\/wp-content\/uploads\/2023\/09\/KRF-354-min-1.jpg\" class=\"attachment-large size-large\" alt=\"vinograd salas nas\" \/>\t\t\t\t\t\t\t\t\t\t\t\t\t\t\t<\/div>\n\t\t\t\t<\/div>\n\t\t\t\t<div class=\"elementor-element elementor-element-98faaa8 elementor-widget elementor-widget-spacer\" data-id=\"98faaa8\" data-element_type=\"widget\" data-widget_type=\"spacer.default\">\n\t\t\t\t<div class=\"elementor-widget-container\">\n\t\t\t\t\t<div class=\"elementor-spacer\">\n\t\t\t<div class=\"elementor-spacer-inner\"><\/div>\n\t\t<\/div>\n\t\t\t\t<\/div>\n\t\t\t\t<\/div>\n\t\t\t\t\t<\/div>\n\t\t<\/div>\n\t\t\t\t\t\t\t<\/div>\n\t\t<\/div>\n\t\t\t\t<div class=\"elementor-section elementor-top-section elementor-element elementor-element-f775d6e elementor-section-stretched elementor-section-boxed elementor-section-height-default elementor-section-height-default\" data-id=\"f775d6e\" data-element_type=\"section\" data-settings=\"{&quot;stretch_section&quot;:&quot;section-stretched&quot;}\">\n\t\t\t\t\t\t<div class=\"elementor-container elementor-column-gap-no\">\n\t\t\t\t\t<div class=\"elementor-column elementor-col-50 elementor-top-column elementor-element elementor-element-03176b2\" data-id=\"03176b2\" data-element_type=\"column\">\n\t\t\t<div class=\"elementor-widget-wrap elementor-element-populated\">\n\t\t\t\t\t\t\t\t<div class=\"elementor-element elementor-element-db28db1 elementor-widget elementor-widget-heading\" data-id=\"db28db1\" data-element_type=\"widget\" data-widget_type=\"heading.default\">\n\t\t\t\t<div class=\"elementor-widget-container\">\n\t\t\t<h2 class=\"elementor-heading-title elementor-size-default\">est. 2017<\/h2>\t\t<\/div>\n\t\t\t\t<\/div>\n\t\t\t\t<div class=\"elementor-element elementor-element-78bd14a elementor-widget elementor-widget-heading\" data-id=\"78bd14a\" data-element_type=\"widget\" data-widget_type=\"heading.default\">\n\t\t\t\t<div class=\"elementor-widget-container\">\n\t\t\t<h2 class=\"elementor-heading-title elementor-size-default\">SALA\u0160 NA\u0160<\/h2>\t\t<\/div>\n\t\t\t\t<\/div>\n\t\t\t\t<div class=\"elementor-element elementor-element-cdec4a2 elementor-widget elementor-widget-image\" data-id=\"cdec4a2\" data-element_type=\"widget\" data-widget_type=\"image.default\">\n\t\t\t\t<div class=\"elementor-widget-container\">\n\t\t\t\t\t\t\t\t\t\t\t\t\t\t\t<img decoding=\"async\" src=\"https:\/\/demo2wpopal.b-cdn.net\/bodoni\/wp-content\/uploads\/2021\/07\/vector.png\" title=\"\" alt=\"\" \/>\t\t\t\t\t\t\t\t\t\t\t\t\t\t\t<\/div>\n\t\t\t\t<\/div>\n\t\t\t\t<div class=\"elementor-element elementor-element-722c934 elementor-widget elementor-widget-text-editor\" data-id=\"722c934\" data-element_type=\"widget\" data-widget_type=\"text-editor.default\">\n\t\t\t\t<div class=\"elementor-widget-container\">\n\t\t\t\t\t\t\t<p>Nepreglednom vojvo\u0111anskom ravnicom od davnih vremena vladali su sala\u0161i. Danas su oni \u010duvari tradicije i uspomene na neka davna lepa vremena kada se radilo mnogo ali i \u017eivelo polako i u\u017eivalo natenane u dobrom pi\u0107u, hrani i dru\u0161tvu. Sala\u0161 Na\u0161 ljubomorno \u010duva od zaborava duh sala\u0161a, vojvo\u0111anske ravnice i tradicije proizvodnje vrhunskog vina i rakije. Iako mlada vinarija, koja je sa proizvodnjom zapo\u010dela ne tako davne 2017. godine, zadr\u017eala je tradicionalni duh u stvaranju izvanrednih vina sa peska kao i rakija. Zaklonjena vinogradima i visokim hrastovima, vinarija Sala\u0161 Na\u0161 sa\u010duvana je od putnika namernika, jer ovde mo\u017eete do\u0107i samo ukoliko krenete u avanturu ukr\u0161tenim balkanskim putevima po pe\u0161\u010danim sprudovima drevnog mora u potragu za dobrim, doma\u0107im vinom i rakijom<\/p>\t\t\t\t\t\t<\/div>\n\t\t\t\t<\/div>\n\t\t\t\t<div class=\"elementor-element elementor-element-cf94fc8 button-style-bodoni-style-1 elementor-widget elementor-widget-button\" data-id=\"cf94fc8\" data-element_type=\"widget\" data-widget_type=\"button.default\">\n\t\t\t\t<div class=\"elementor-widget-container\">\n\t\t\t\t\t<div class=\"elementor-button-wrapper\">\n\t\t\t<a href=\"https:\/\/vinarijasalasnas.rs\/?page_id=4638\" class=\"elementor-button-link elementor-button elementor-size-sm\" role=\"button\">\n\t\t\t\t\t\t<span class=\"elementor-button-content-wrapper\">\n\t\t\t\t\t\t<span class=\"elementor-button-icon elementor-align-icon-right\">\n\t\t\t\t<i aria-hidden=\"true\" class=\"bodoni-icon- bodoni-icon-arrow-small\"><\/i>\t\t\t<\/span>\n\t\t\t\t\t\t<span class=\"elementor-button-text\">Zaka\u017eite posetu<\/span>\n\t\t<\/span>\n\t\t\t\t\t<\/a>\n\t\t<\/div>\n\t\t\t\t<\/div>\n\t\t\t\t<\/div>\n\t\t\t\t<div class=\"elementor-element elementor-element-29a6d8e elementor-widget elementor-widget-text-editor\" data-id=\"29a6d8e\" data-element_type=\"widget\" data-widget_type=\"text-editor.default\">\n\t\t\t\t<div class=\"elementor-widget-container\">\n\t\t\t\t\t\t\t<p>&#8211; Tradicija je \u017eivi most koji povezuje pro\u0161lost, sada\u0161njost i budu\u0107nost &#8211; Wendell Berry<\/p>\t\t\t\t\t\t<\/div>\n\t\t\t\t<\/div>\n\t\t\t\t\t<\/div>\n\t\t<\/div>\n\t\t\t\t<div class=\"elementor-column elementor-col-50 elementor-top-column elementor-element elementor-element-1190d9c\" data-id=\"1190d9c\" data-element_type=\"column\">\n\t\t\t<div class=\"elementor-widget-wrap elementor-element-populated\">\n\t\t\t\t\t\t\t\t<div class=\"elementor-element elementor-element-7a6c9e5 elementor-widget elementor-widget-image\" data-id=\"7a6c9e5\" data-element_type=\"widget\" data-widget_type=\"image.default\">\n\t\t\t\t<div class=\"elementor-widget-container\">\n\t\t\t\t\t\t\t\t\t\t\t\t\t\t\t<img decoding=\"async\" width=\"1920\" height=\"1450\" src=\"https:\/\/vinarijasalasnas.rs\/wp-content\/uploads\/2022\/12\/Salas-Nas-background-e1671804566415.png\" class=\"attachment-full size-full\" alt=\"Sala\u0161 Na\u0161 - crte\u017e\" \/>\t\t\t\t\t\t\t\t\t\t\t\t\t\t\t<\/div>\n\t\t\t\t<\/div>\n\t\t\t\t\t<\/div>\n\t\t<\/div>\n\t\t\t\t\t\t\t<\/div>\n\t\t<\/div>\n\t\t\t\t<div class=\"elementor-section elementor-top-section elementor-element elementor-element-741c842 elementor-section-stretched elementor-section-height-min-height elementor-section-items-top elementor-section-boxed elementor-section-height-default\" data-id=\"741c842\" data-element_type=\"section\" data-settings=\"{&quot;stretch_section&quot;:&quot;section-stretched&quot;,&quot;background_background&quot;:&quot;classic&quot;}\">\n\t\t\t\t\t\t<div class=\"elementor-container elementor-column-gap-no\">\n\t\t\t\t\t<div class=\"elementor-column elementor-col-100 elementor-top-column elementor-element elementor-element-3106165\" data-id=\"3106165\" data-element_type=\"column\">\n\t\t\t<div class=\"elementor-widget-wrap elementor-element-populated\">\n\t\t\t\t\t\t\t\t<div class=\"elementor-section elementor-inner-section elementor-element elementor-element-a460f39 elementor-section-full_width elementor-section-height-default elementor-section-height-default\" data-id=\"a460f39\" data-element_type=\"section\">\n\t\t\t\t\t\t<div class=\"elementor-container elementor-column-gap-no\">\n\t\t\t\t\t<div class=\"elementor-column elementor-col-50 elementor-inner-column elementor-element elementor-element-8869ee3\" data-id=\"8869ee3\" data-element_type=\"column\">\n\t\t\t<div class=\"elementor-widget-wrap\">\n\t\t\t\t\t\t\t\t\t<\/div>\n\t\t<\/div>\n\t\t\t\t<div class=\"elementor-column elementor-col-50 elementor-inner-column elementor-element elementor-element-5730aaf\" data-id=\"5730aaf\" data-element_type=\"column\" data-settings=\"{&quot;background_background&quot;:&quot;classic&quot;}\">\n\t\t\t<div class=\"elementor-widget-wrap elementor-element-populated\">\n\t\t\t\t\t\t\t\t<div class=\"elementor-element elementor-element-fca2e44 elementor-widget__width-initial elementor-widget-mobile__width-inherit elementor-widget elementor-widget-text-editor\" data-id=\"fca2e44\" data-element_type=\"widget\" data-widget_type=\"text-editor.default\">\n\t\t\t\t<div class=\"elementor-widget-container\">\n\t\t\t\t\t\t\t<p>\u201cNajbolji deo onoga \u0161to radim je \u0161to mogu da vidim celu sezonu rasta od rezidbe do berbe.\u201d<\/p>\t\t\t\t\t\t<\/div>\n\t\t\t\t<\/div>\n\t\t\t\t<div class=\"elementor-element elementor-element-6799849 elementor-widget__width-auto elementor-widget-divider--view-line elementor-widget elementor-widget-divider\" data-id=\"6799849\" data-element_type=\"widget\" data-widget_type=\"divider.default\">\n\t\t\t\t<div class=\"elementor-widget-container\">\n\t\t\t\t\t<div class=\"elementor-divider\">\n\t\t\t<span class=\"elementor-divider-separator\">\n\t\t\t\t\t\t<\/span>\n\t\t<\/div>\n\t\t\t\t<\/div>\n\t\t\t\t<\/div>\n\t\t\t\t<div class=\"elementor-element elementor-element-844966f elementor-widget__width-auto elementor-widget elementor-widget-heading\" data-id=\"844966f\" data-element_type=\"widget\" data-widget_type=\"heading.default\">\n\t\t\t\t<div class=\"elementor-widget-container\">\n\t\t\t<h2 class=\"elementor-heading-title elementor-size-default\">Sreten Kolari\u0107<\/h2>\t\t<\/div>\n\t\t\t\t<\/div>\n\t\t\t\t<div class=\"elementor-element elementor-element-6ff8ea5 elementor-widget elementor-widget-heading\" data-id=\"6ff8ea5\" data-element_type=\"widget\" data-widget_type=\"heading.default\">\n\t\t\t\t<div class=\"elementor-widget-container\">\n\t\t\t<h2 class=\"elementor-heading-title elementor-size-default\">TEHNOLOG<\/h2>\t\t<\/div>\n\t\t\t\t<\/div>\n\t\t\t\t\t<\/div>\n\t\t<\/div>\n\t\t\t\t\t\t\t<\/div>\n\t\t<\/div>\n\t\t\t\t\t<\/div>\n\t\t<\/div>\n\t\t\t\t\t\t\t<\/div>\n\t\t<\/div>\n\t\t\t\t<section class=\"elementor-section elementor-top-section elementor-element elementor-element-fac9584 elementor-section-boxed elementor-section-height-default elementor-section-height-default\" data-id=\"fac9584\" data-element_type=\"section\">\n\t\t\t\t\t\t<div class=\"elementor-container elementor-column-gap-default\">\n\t\t\t\t\t<div class=\"elementor-column elementor-col-100 elementor-top-column elementor-element elementor-element-d1570d0\" data-id=\"d1570d0\" data-element_type=\"column\">\n\t\t\t<div class=\"elementor-widget-wrap elementor-element-populated\">\n\t\t\t\t\t\t\t\t<div class=\"elementor-element elementor-element-0d71a64 elementor-widget elementor-widget-heading\" data-id=\"0d71a64\" data-element_type=\"widget\" data-widget_type=\"heading.default\">\n\t\t\t\t<div class=\"elementor-widget-container\">\n\t\t\t<h2 class=\"elementor-heading-title elementor-size-default\">- Tradicija je ne\u0161to \u0161to nas podse\u0107a na ono \u0161to je bitno, \u0161to nas dr\u017ei povezanim sa na\u0161om zajednicom i porodicom - Maya Angelou<\/h2>\t\t<\/div>\n\t\t\t\t<\/div>\n\t\t\t\t\t<\/div>\n\t\t<\/div>\n\t\t\t\t\t\t\t<\/div>\n\t\t<\/section>\n\t\t\t\t<div class=\"elementor-section elementor-top-section elementor-element elementor-element-c345834 elementor-section-stretched elementor-section-boxed elementor-section-height-default elementor-section-height-default\" data-id=\"c345834\" data-element_type=\"section\" data-settings=\"{&quot;stretch_section&quot;:&quot;section-stretched&quot;,&quot;background_background&quot;:&quot;classic&quot;}\">\n\t\t\t\t\t\t<div class=\"elementor-container elementor-column-gap-no\">\n\t\t\t\t\t<div class=\"elementor-column elementor-col-50 elementor-top-column elementor-element elementor-element-511e0a5\" data-id=\"511e0a5\" data-element_type=\"column\" data-settings=\"{&quot;background_background&quot;:&quot;classic&quot;}\">\n\t\t\t<div class=\"elementor-widget-wrap elementor-element-populated\">\n\t\t\t\t\t\t\t\t<div class=\"elementor-element elementor-element-55dd37f elementor-widget elementor-widget-heading\" data-id=\"55dd37f\" data-element_type=\"widget\" data-widget_type=\"heading.default\">\n\t\t\t\t<div class=\"elementor-widget-container\">\n\t\t\t<h2 class=\"elementor-heading-title elementor-size-default\">PROCES STVARANJA<\/h2>\t\t<\/div>\n\t\t\t\t<\/div>\n\t\t\t\t<div class=\"elementor-element elementor-element-1468903 elementor-widget elementor-widget-heading\" data-id=\"1468903\" data-element_type=\"widget\" data-widget_type=\"heading.default\">\n\t\t\t\t<div class=\"elementor-widget-container\">\n\t\t\t<h2 class=\"elementor-heading-title elementor-size-default\">Od vinograda do fla\u0161e<\/h2>\t\t<\/div>\n\t\t\t\t<\/div>\n\t\t\t\t<div class=\"elementor-element elementor-element-fa3eed7 elementor-widget elementor-widget-image\" data-id=\"fa3eed7\" data-element_type=\"widget\" data-widget_type=\"image.default\">\n\t\t\t\t<div class=\"elementor-widget-container\">\n\t\t\t\t\t\t\t\t\t\t\t\t\t\t\t<img decoding=\"async\" width=\"70\" height=\"3\" src=\"https:\/\/vinarijasalasnas.rs\/wp-content\/uploads\/2021\/07\/Vector-1.png\" class=\"attachment-full size-full\" alt=\"\" \/>\t\t\t\t\t\t\t\t\t\t\t\t\t\t\t<\/div>\n\t\t\t\t<\/div>\n\t\t\t\t<div class=\"elementor-element elementor-element-125ccff elementor-widget elementor-widget-text-editor\" data-id=\"125ccff\" data-element_type=\"widget\" data-widget_type=\"text-editor.default\">\n\t\t\t\t<div class=\"elementor-widget-container\">\n\t\t\t\t\t\t\t<p>Proces proizvodnje vina je umetnost koja se bri\u017eljivo prenosi s kolena na koleno.\u00a0 U na\u0161oj vinariji se svakom koraku proizvodnje pridaje posebna pa\u017enja kako bi se u svakoj fla\u0161i na\u0161eg vina sa\u010duvao kvalitet i ukus koji se pamti i budi emocije. Po\u010dev od ru\u010dnog branja i pa\u017eljivog odabira zrelih i zdravih grozdova, preko laganog presovanja kako bi se jedra, so\u010dna zrna gro\u017e\u0111a raspukla i pustila sok, a bobice razdvojile od peteljki, do odlaganja u sudove, sazrevanja vina i pripreme za fla\u0161iranje, pru\u017eamo sve \u0161to je potrebno kako bi vina ostavila upe\u010datljiv trag ve\u0107 nakon prvog gutljaja.<\/p>\t\t\t\t\t\t<\/div>\n\t\t\t\t<\/div>\n\t\t\t\t\t<\/div>\n\t\t<\/div>\n\t\t\t\t<div class=\"elementor-column elementor-col-50 elementor-top-column elementor-element elementor-element-1386130\" data-id=\"1386130\" data-element_type=\"column\" data-settings=\"{&quot;background_background&quot;:&quot;classic&quot;}\">\n\t\t\t<div class=\"elementor-widget-wrap elementor-element-populated\">\n\t\t\t\t\t\t\t\t<div class=\"elementor-element elementor-element-f632e2a elementor-hidden-desktop elementor-hidden-tablet elementor-widget elementor-widget-image\" data-id=\"f632e2a\" data-element_type=\"widget\" data-widget_type=\"image.default\">\n\t\t\t\t<div class=\"elementor-widget-container\">\n\t\t\t\t\t\t\t\t\t\t\t\t\t\t\t<img decoding=\"async\" width=\"1054\" height=\"590\" src=\"https:\/\/vinarijasalasnas.rs\/wp-content\/uploads\/2021\/07\/ourstory_08.jpg\" class=\"attachment-full size-full\" alt=\"\" \/>\t\t\t\t\t\t\t\t\t\t\t\t\t\t\t<\/div>\n\t\t\t\t<\/div>\n\t\t\t\t\t<\/div>\n\t\t<\/div>\n\t\t\t\t\t\t\t<\/div>\n\t\t<\/div>\n\t\t\t\t\t\t<\/div>\n\t\t\t\t\t<\/div>\n\t\t","protected":false},"excerpt":{"rendered":"<p>Upoznajte Vinariju sa krajnjeg severa est. 2017 SALA\u0160 NA\u0160 Nepreglednom vojvo\u0111anskom ravnicom od davnih vremena vladali su sala\u0161i. Danas su oni \u010duvari tradicije i uspomene na neka davna lepa vremena kada se radilo mnogo ali i \u017eivelo polako i u\u017eivalo natenane u dobrom pi\u0107u, hrani i dru\u0161tvu. Sala\u0161 Na\u0161 ljubomorno \u010duva od zaborava duh sala\u0161a, [&hellip;]<\/p>\n","protected":false},"author":1,"featured_media":0,"parent":0,"menu_order":0,"comment_status":"closed","ping_status":"closed","template":"template-homepage.php","meta":{"footnotes":""},"class_list":["post-950","page","type-page","status-publish","hentry"],"yoast_head":"<!-- This site is optimized with the Yoast SEO plugin v17.5 - https:\/\/yoast.com\/wordpress\/plugins\/seo\/ -->\n<title>Our story - Vinarija Sala\u0161 Na\u0161<\/title>\n<meta name=\"robots\" content=\"index, follow, max-snippet:-1, max-image-preview:large, max-video-preview:-1\" \/>\n<link rel=\"canonical\" href=\"https:\/\/vinarijasalasnas.rs\/?page_id=950\" \/>\n<meta property=\"og:locale\" content=\"en_US\" \/>\n<meta property=\"og:type\" content=\"article\" \/>\n<meta property=\"og:title\" content=\"Our story - Vinarija Sala\u0161 Na\u0161\" \/>\n<meta property=\"og:description\" content=\"Upoznajte Vinariju sa krajnjeg severa est. 2017 SALA\u0160 NA\u0160 Nepreglednom vojvo\u0111anskom ravnicom od davnih vremena vladali su sala\u0161i. Danas su oni \u010duvari tradicije i uspomene na neka davna lepa vremena kada se radilo mnogo ali i \u017eivelo polako i u\u017eivalo natenane u dobrom pi\u0107u, hrani i dru\u0161tvu. Sala\u0161 Na\u0161 ljubomorno \u010duva od zaborava duh sala\u0161a, [&hellip;]\" \/>\n<meta property=\"og:url\" content=\"https:\/\/vinarijasalasnas.rs\/?page_id=950\" \/>\n<meta property=\"og:site_name\" content=\"Vinarija Sala\u0161 Na\u0161\" \/>\n<meta property=\"article:modified_time\" content=\"2023-09-05T09:41:16+00:00\" \/>\n<meta property=\"og:image\" content=\"https:\/\/vinarijasalasnas.rs\/wp-content\/uploads\/2023\/09\/KRF-354-min-1.jpg\" \/>\n<meta name=\"twitter:card\" content=\"summary_large_image\" \/>\n<meta name=\"twitter:label1\" content=\"Est. reading time\" \/>\n\t<meta name=\"twitter:data1\" content=\"3 minutes\" \/>\n<script type=\"application\/ld+json\" class=\"yoast-schema-graph\">{\"@context\":\"https:\/\/schema.org\",\"@graph\":[{\"@type\":\"WebSite\",\"@id\":\"https:\/\/vinarijasalasnas.rs\/#website\",\"url\":\"https:\/\/vinarijasalasnas.rs\/\",\"name\":\"Vinarija Sala\\u0161 Na\\u0161\",\"description\":\"\",\"potentialAction\":[{\"@type\":\"SearchAction\",\"target\":{\"@type\":\"EntryPoint\",\"urlTemplate\":\"https:\/\/vinarijasalasnas.rs\/?s={search_term_string}\"},\"query-input\":\"required name=search_term_string\"}],\"inLanguage\":\"en-US\"},{\"@type\":\"ImageObject\",\"@id\":\"https:\/\/vinarijasalasnas.rs\/?page_id=950#primaryimage\",\"inLanguage\":\"en-US\",\"url\":\"https:\/\/vinarijasalasnas.rs\/wp-content\/uploads\/2023\/09\/KRF-354-min-1.jpg\",\"contentUrl\":\"https:\/\/vinarijasalasnas.rs\/wp-content\/uploads\/2023\/09\/KRF-354-min-1.jpg\",\"width\":1920,\"height\":1282,\"caption\":\"vinograd salas nas\"},{\"@type\":\"WebPage\",\"@id\":\"https:\/\/vinarijasalasnas.rs\/?page_id=950#webpage\",\"url\":\"https:\/\/vinarijasalasnas.rs\/?page_id=950\",\"name\":\"Our story - Vinarija Sala\\u0161 Na\\u0161\",\"isPartOf\":{\"@id\":\"https:\/\/vinarijasalasnas.rs\/#website\"},\"primaryImageOfPage\":{\"@id\":\"https:\/\/vinarijasalasnas.rs\/?page_id=950#primaryimage\"},\"datePublished\":\"2021-07-12T09:47:53+00:00\",\"dateModified\":\"2023-09-05T09:41:16+00:00\",\"breadcrumb\":{\"@id\":\"https:\/\/vinarijasalasnas.rs\/?page_id=950#breadcrumb\"},\"inLanguage\":\"en-US\",\"potentialAction\":[{\"@type\":\"ReadAction\",\"target\":[\"https:\/\/vinarijasalasnas.rs\/?page_id=950\"]}]},{\"@type\":\"BreadcrumbList\",\"@id\":\"https:\/\/vinarijasalasnas.rs\/?page_id=950#breadcrumb\",\"itemListElement\":[{\"@type\":\"ListItem\",\"position\":1,\"name\":\"Home\",\"item\":\"https:\/\/vinarijasalasnas.rs\/\"},{\"@type\":\"ListItem\",\"position\":2,\"name\":\"Our story\"}]}]}<\/script>\n<!-- \/ Yoast SEO plugin. -->","yoast_head_json":{"title":"Our story - Vinarija Sala\u0161 Na\u0161","robots":{"index":"index","follow":"follow","max-snippet":"max-snippet:-1","max-image-preview":"max-image-preview:large","max-video-preview":"max-video-preview:-1"},"canonical":"https:\/\/vinarijasalasnas.rs\/?page_id=950","og_locale":"en_US","og_type":"article","og_title":"Our story - Vinarija Sala\u0161 Na\u0161","og_description":"Upoznajte Vinariju sa krajnjeg severa est. 2017 SALA\u0160 NA\u0160 Nepreglednom vojvo\u0111anskom ravnicom od davnih vremena vladali su sala\u0161i. Danas su oni \u010duvari tradicije i uspomene na neka davna lepa vremena kada se radilo mnogo ali i \u017eivelo polako i u\u017eivalo natenane u dobrom pi\u0107u, hrani i dru\u0161tvu. Sala\u0161 Na\u0161 ljubomorno \u010duva od zaborava duh sala\u0161a, [&hellip;]","og_url":"https:\/\/vinarijasalasnas.rs\/?page_id=950","og_site_name":"Vinarija Sala\u0161 Na\u0161","article_modified_time":"2023-09-05T09:41:16+00:00","og_image":[{"url":"https:\/\/vinarijasalasnas.rs\/wp-content\/uploads\/2023\/09\/KRF-354-min-1.jpg"}],"twitter_card":"summary_large_image","twitter_misc":{"Est. reading time":"3 minutes"},"schema":{"@context":"https:\/\/schema.org","@graph":[{"@type":"WebSite","@id":"https:\/\/vinarijasalasnas.rs\/#website","url":"https:\/\/vinarijasalasnas.rs\/","name":"Vinarija Sala\u0161 Na\u0161","description":"","potentialAction":[{"@type":"SearchAction","target":{"@type":"EntryPoint","urlTemplate":"https:\/\/vinarijasalasnas.rs\/?s={search_term_string}"},"query-input":"required name=search_term_string"}],"inLanguage":"en-US"},{"@type":"ImageObject","@id":"https:\/\/vinarijasalasnas.rs\/?page_id=950#primaryimage","inLanguage":"en-US","url":"https:\/\/vinarijasalasnas.rs\/wp-content\/uploads\/2023\/09\/KRF-354-min-1.jpg","contentUrl":"https:\/\/vinarijasalasnas.rs\/wp-content\/uploads\/2023\/09\/KRF-354-min-1.jpg","width":1920,"height":1282,"caption":"vinograd salas nas"},{"@type":"WebPage","@id":"https:\/\/vinarijasalasnas.rs\/?page_id=950#webpage","url":"https:\/\/vinarijasalasnas.rs\/?page_id=950","name":"Our story - Vinarija Sala\u0161 Na\u0161","isPartOf":{"@id":"https:\/\/vinarijasalasnas.rs\/#website"},"primaryImageOfPage":{"@id":"https:\/\/vinarijasalasnas.rs\/?page_id=950#primaryimage"},"datePublished":"2021-07-12T09:47:53+00:00","dateModified":"2023-09-05T09:41:16+00:00","breadcrumb":{"@id":"https:\/\/vinarijasalasnas.rs\/?page_id=950#breadcrumb"},"inLanguage":"en-US","potentialAction":[{"@type":"ReadAction","target":["https:\/\/vinarijasalasnas.rs\/?page_id=950"]}]},{"@type":"BreadcrumbList","@id":"https:\/\/vinarijasalasnas.rs\/?page_id=950#breadcrumb","itemListElement":[{"@type":"ListItem","position":1,"name":"Home","item":"https:\/\/vinarijasalasnas.rs\/"},{"@type":"ListItem","position":2,"name":"Our story"}]}]}},"_links":{"self":[{"href":"https:\/\/vinarijasalasnas.rs\/index.php?rest_route=\/wp\/v2\/pages\/950","targetHints":{"allow":["GET"]}}],"collection":[{"href":"https:\/\/vinarijasalasnas.rs\/index.php?rest_route=\/wp\/v2\/pages"}],"about":[{"href":"https:\/\/vinarijasalasnas.rs\/index.php?rest_route=\/wp\/v2\/types\/page"}],"author":[{"embeddable":true,"href":"https:\/\/vinarijasalasnas.rs\/index.php?rest_route=\/wp\/v2\/users\/1"}],"replies":[{"embeddable":true,"href":"https:\/\/vinarijasalasnas.rs\/index.php?rest_route=%2Fwp%2Fv2%2Fcomments&post=950"}],"version-history":[{"count":105,"href":"https:\/\/vinarijasalasnas.rs\/index.php?rest_route=\/wp\/v2\/pages\/950\/revisions"}],"predecessor-version":[{"id":6938,"href":"https:\/\/vinarijasalasnas.rs\/index.php?rest_route=\/wp\/v2\/pages\/950\/revisions\/6938"}],"wp:attachment":[{"href":"https:\/\/vinarijasalasnas.rs\/index.php?rest_route=%2Fwp%2Fv2%2Fmedia&parent=950"}],"curies":[{"name":"wp","href":"https:\/\/api.w.org\/{rel}","templated":true}]}}