{"id":6531,"date":"2021-11-30T19:55:34","date_gmt":"2021-11-30T19:55:34","guid":{"rendered":"https:\/\/vinarijasalasnas.rs\/?post_type=product&#038;p=6531"},"modified":"2023-05-11T12:21:38","modified_gmt":"2023-05-11T12:21:38","slug":"rose-salas-nas","status":"publish","type":"product","link":"https:\/\/vinarijasalasnas.rs\/?product=rose-salas-nas","title":{"rendered":"Rose &#8211; Sala\u0161 Na\u0161"},"content":{"rendered":"<p>Zavodljivi Rose je pitko vino za sve prilike i idealan izbor za tople prole\u0107ne I letnje dane. Bar\u0161unaste meko\u0107e, zavodljive slasti, sve\u017ee, lagano, sa dosta elegantnih aroma zrelih jagoda, malina i crvenih ribizli. Svaki gutljaj izaziva najne\u017enija ose\u0107anja, pa \u010dak i setu kada se susretnu nenadani pogledi.<\/p>\n<p>Sortni sastav: Merlot<\/p>\n<p>Serviranje: 08-10\u00b0C<\/p>\n<p>Zapremina: 0,75l<\/p>\n","protected":false},"excerpt":{"rendered":"<p>Zavodljivi Rose je pitko vino za sve prilike i idealan izbor za tople prole\u0107ne i letnje dane.<\/p>\n","protected":false},"featured_media":6532,"template":"","meta":[],"product_cat":[56],"product_tag":[41,48],"class_list":{"0":"post-6531","1":"product","2":"type-product","3":"status-publish","4":"has-post-thumbnail","6":"product_cat-vino","7":"product_tag-rose","8":"product_tag-vino","10":"first","11":"instock","12":"shipping-taxable","13":"product-type-simple"},"yoast_head":"<!-- This site is optimized with the Yoast SEO plugin v17.5 - https:\/\/yoast.com\/wordpress\/plugins\/seo\/ -->\n<title>Rose - Sala\u0161 Na\u0161 - Vinarija Sala\u0161 Na\u0161<\/title>\n<meta name=\"description\" content=\"Vinarija Sala\u0161 Na\u0161 - Zavodljivi Rose je pitko vino za sve prilike i idealan izbor za tople prole\u0107ne i letnje dane.\" \/>\n<meta name=\"robots\" content=\"index, follow, max-snippet:-1, max-image-preview:large, max-video-preview:-1\" \/>\n<link rel=\"canonical\" href=\"https:\/\/vinarijasalasnas.rs\/?product=rose-salas-nas\" \/>\n<meta property=\"og:locale\" content=\"en_US\" \/>\n<meta property=\"og:type\" content=\"article\" \/>\n<meta property=\"og:title\" content=\"Rose - Sala\u0161 Na\u0161 - Vinarija Sala\u0161 Na\u0161\" \/>\n<meta property=\"og:description\" content=\"Vinarija Sala\u0161 Na\u0161 - Zavodljivi Rose je pitko vino za sve prilike i idealan izbor za tople prole\u0107ne i letnje dane.\" \/>\n<meta property=\"og:url\" content=\"https:\/\/vinarijasalasnas.rs\/?product=rose-salas-nas\" \/>\n<meta property=\"og:site_name\" content=\"Vinarija Sala\u0161 Na\u0161\" \/>\n<meta property=\"article:modified_time\" content=\"2023-05-11T12:21:38+00:00\" \/>\n<meta property=\"og:image\" content=\"https:\/\/vinarijasalasnas.rs\/wp-content\/uploads\/2021\/11\/SalasNas-Rose.png\" \/>\n\t<meta property=\"og:image:width\" content=\"500\" \/>\n\t<meta property=\"og:image:height\" content=\"1500\" \/>\n<meta name=\"twitter:card\" content=\"summary_large_image\" \/>\n<meta name=\"twitter:label1\" content=\"Est. reading time\" \/>\n\t<meta name=\"twitter:data1\" content=\"1 minute\" \/>\n<script type=\"application\/ld+json\" class=\"yoast-schema-graph\">{\"@context\":\"https:\/\/schema.org\",\"@graph\":[{\"@type\":\"WebSite\",\"@id\":\"https:\/\/vinarijasalasnas.rs\/#website\",\"url\":\"https:\/\/vinarijasalasnas.rs\/\",\"name\":\"Vinarija Sala\\u0161 Na\\u0161\",\"description\":\"\",\"potentialAction\":[{\"@type\":\"SearchAction\",\"target\":{\"@type\":\"EntryPoint\",\"urlTemplate\":\"https:\/\/vinarijasalasnas.rs\/?s={search_term_string}\"},\"query-input\":\"required name=search_term_string\"}],\"inLanguage\":\"en-US\"},{\"@type\":\"ImageObject\",\"@id\":\"https:\/\/vinarijasalasnas.rs\/?product=rose-salas-nas#primaryimage\",\"inLanguage\":\"en-US\",\"url\":\"https:\/\/vinarijasalasnas.rs\/wp-content\/uploads\/2021\/11\/SalasNas-Rose-e1683891459474.png\",\"contentUrl\":\"https:\/\/vinarijasalasnas.rs\/wp-content\/uploads\/2021\/11\/SalasNas-Rose-e1683891459474.png\",\"width\":267,\"height\":800,\"caption\":\"Rose Vinarija Sala\\u0161 Na\\u0161\"},{\"@type\":\"WebPage\",\"@id\":\"https:\/\/vinarijasalasnas.rs\/?product=rose-salas-nas#webpage\",\"url\":\"https:\/\/vinarijasalasnas.rs\/?product=rose-salas-nas\",\"name\":\"Rose - Sala\\u0161 Na\\u0161 - Vinarija Sala\\u0161 Na\\u0161\",\"isPartOf\":{\"@id\":\"https:\/\/vinarijasalasnas.rs\/#website\"},\"primaryImageOfPage\":{\"@id\":\"https:\/\/vinarijasalasnas.rs\/?product=rose-salas-nas#primaryimage\"},\"datePublished\":\"2021-11-30T19:55:34+00:00\",\"dateModified\":\"2023-05-11T12:21:38+00:00\",\"description\":\"Vinarija Sala\\u0161 Na\\u0161 - Zavodljivi Rose je pitko vino za sve prilike i idealan izbor za tople prole\\u0107ne i letnje dane.\",\"breadcrumb\":{\"@id\":\"https:\/\/vinarijasalasnas.rs\/?product=rose-salas-nas#breadcrumb\"},\"inLanguage\":\"en-US\",\"potentialAction\":[{\"@type\":\"ReadAction\",\"target\":[\"https:\/\/vinarijasalasnas.rs\/?product=rose-salas-nas\"]}]},{\"@type\":\"BreadcrumbList\",\"@id\":\"https:\/\/vinarijasalasnas.rs\/?product=rose-salas-nas#breadcrumb\",\"itemListElement\":[{\"@type\":\"ListItem\",\"position\":1,\"name\":\"Home\",\"item\":\"https:\/\/vinarijasalasnas.rs\/\"},{\"@type\":\"ListItem\",\"position\":2,\"name\":\"Shop\",\"item\":\"https:\/\/vinarijasalasnas.rs\/?page_id=19\"},{\"@type\":\"ListItem\",\"position\":3,\"name\":\"Rose &#8211; Sala\\u0161 Na\\u0161\"}]}]}<\/script>\n<!-- \/ Yoast SEO plugin. -->","yoast_head_json":{"title":"Rose - Sala\u0161 Na\u0161 - Vinarija Sala\u0161 Na\u0161","description":"Vinarija Sala\u0161 Na\u0161 - Zavodljivi Rose je pitko vino za sve prilike i idealan izbor za tople prole\u0107ne i letnje dane.","robots":{"index":"index","follow":"follow","max-snippet":"max-snippet:-1","max-image-preview":"max-image-preview:large","max-video-preview":"max-video-preview:-1"},"canonical":"https:\/\/vinarijasalasnas.rs\/?product=rose-salas-nas","og_locale":"en_US","og_type":"article","og_title":"Rose - Sala\u0161 Na\u0161 - Vinarija Sala\u0161 Na\u0161","og_description":"Vinarija Sala\u0161 Na\u0161 - Zavodljivi Rose je pitko vino za sve prilike i idealan izbor za tople prole\u0107ne i letnje dane.","og_url":"https:\/\/vinarijasalasnas.rs\/?product=rose-salas-nas","og_site_name":"Vinarija Sala\u0161 Na\u0161","article_modified_time":"2023-05-11T12:21:38+00:00","og_image":[{"width":500,"height":1500,"url":"https:\/\/vinarijasalasnas.rs\/wp-content\/uploads\/2021\/11\/SalasNas-Rose.png","type":"image\/png"}],"twitter_card":"summary_large_image","twitter_misc":{"Est. reading time":"1 minute"},"schema":{"@context":"https:\/\/schema.org","@graph":[{"@type":"WebSite","@id":"https:\/\/vinarijasalasnas.rs\/#website","url":"https:\/\/vinarijasalasnas.rs\/","name":"Vinarija Sala\u0161 Na\u0161","description":"","potentialAction":[{"@type":"SearchAction","target":{"@type":"EntryPoint","urlTemplate":"https:\/\/vinarijasalasnas.rs\/?s={search_term_string}"},"query-input":"required name=search_term_string"}],"inLanguage":"en-US"},{"@type":"ImageObject","@id":"https:\/\/vinarijasalasnas.rs\/?product=rose-salas-nas#primaryimage","inLanguage":"en-US","url":"https:\/\/vinarijasalasnas.rs\/wp-content\/uploads\/2021\/11\/SalasNas-Rose-e1683891459474.png","contentUrl":"https:\/\/vinarijasalasnas.rs\/wp-content\/uploads\/2021\/11\/SalasNas-Rose-e1683891459474.png","width":267,"height":800,"caption":"Rose Vinarija Sala\u0161 Na\u0161"},{"@type":"WebPage","@id":"https:\/\/vinarijasalasnas.rs\/?product=rose-salas-nas#webpage","url":"https:\/\/vinarijasalasnas.rs\/?product=rose-salas-nas","name":"Rose - Sala\u0161 Na\u0161 - Vinarija Sala\u0161 Na\u0161","isPartOf":{"@id":"https:\/\/vinarijasalasnas.rs\/#website"},"primaryImageOfPage":{"@id":"https:\/\/vinarijasalasnas.rs\/?product=rose-salas-nas#primaryimage"},"datePublished":"2021-11-30T19:55:34+00:00","dateModified":"2023-05-11T12:21:38+00:00","description":"Vinarija Sala\u0161 Na\u0161 - Zavodljivi Rose je pitko vino za sve prilike i idealan izbor za tople prole\u0107ne i letnje dane.","breadcrumb":{"@id":"https:\/\/vinarijasalasnas.rs\/?product=rose-salas-nas#breadcrumb"},"inLanguage":"en-US","potentialAction":[{"@type":"ReadAction","target":["https:\/\/vinarijasalasnas.rs\/?product=rose-salas-nas"]}]},{"@type":"BreadcrumbList","@id":"https:\/\/vinarijasalasnas.rs\/?product=rose-salas-nas#breadcrumb","itemListElement":[{"@type":"ListItem","position":1,"name":"Home","item":"https:\/\/vinarijasalasnas.rs\/"},{"@type":"ListItem","position":2,"name":"Shop","item":"https:\/\/vinarijasalasnas.rs\/?page_id=19"},{"@type":"ListItem","position":3,"name":"Rose &#8211; Sala\u0161 Na\u0161"}]}]}},"_links":{"self":[{"href":"https:\/\/vinarijasalasnas.rs\/index.php?rest_route=\/wp\/v2\/product\/6531","targetHints":{"allow":["GET"]}}],"collection":[{"href":"https:\/\/vinarijasalasnas.rs\/index.php?rest_route=\/wp\/v2\/product"}],"about":[{"href":"https:\/\/vinarijasalasnas.rs\/index.php?rest_route=\/wp\/v2\/types\/product"}],"wp:featuredmedia":[{"embeddable":true,"href":"https:\/\/vinarijasalasnas.rs\/index.php?rest_route=\/wp\/v2\/media\/6532"}],"wp:attachment":[{"href":"https:\/\/vinarijasalasnas.rs\/index.php?rest_route=%2Fwp%2Fv2%2Fmedia&parent=6531"}],"wp:term":[{"taxonomy":"product_cat","embeddable":true,"href":"https:\/\/vinarijasalasnas.rs\/index.php?rest_route=%2Fwp%2Fv2%2Fproduct_cat&post=6531"},{"taxonomy":"product_tag","embeddable":true,"href":"https:\/\/vinarijasalasnas.rs\/index.php?rest_route=%2Fwp%2Fv2%2Fproduct_tag&post=6531"}],"curies":[{"name":"wp","href":"https:\/\/api.w.org\/{rel}","templated":true}]}}