{"id":6534,"date":"2021-12-22T13:42:33","date_gmt":"2021-12-22T13:42:33","guid":{"rendered":"https:\/\/vinarijasalasnas.rs\/?post_type=product&#038;p=6534"},"modified":"2023-05-11T12:21:30","modified_gmt":"2023-05-11T12:21:30","slug":"sauvignon-blanc-salas-nas","status":"publish","type":"product","link":"https:\/\/vinarijasalasnas.rs\/?product=sauvignon-blanc-salas-nas","title":{"rendered":"Sauvignon Blanc- Sala\u0161 Na\u0161"},"content":{"rendered":"<p>Radoznali Sauvignon Blanc jedno je od najpopularnijih belih vina, koje zbog izuzetnog prirodnog gro\u017e\u0111anog \u0161e\u0107era ima jak, pun, harmoni\u010dan i u ve\u0107ini berbi slatkasti i aromati\u010dni ukus, sa jasnim i prepoznatljivim mirisom. Odlikuje ga prijatna vo\u0107na aroma i umereni procenat alkohola. Nijedna pesma tambura\u0161a sa sala\u0161a se gotovo ne mo\u017ee zamisliti bez pune \u010da\u0161e Sauvignon-a, bilo da se do\u010dekuje ili ispra\u0107a dru\u0161tvo sa susednog stola.<\/p>\n<p>&nbsp;<\/p>\n<p>Sortni sastav: Sauvignon Blanc<\/p>\n<p>Serviranje: 8-10\u00b0C<\/p>\n<p>Zapremina: 0,75l<\/p>\n","protected":false},"excerpt":{"rendered":"<p>Radoznali Sauvignon Blanc jedno je od najpopularnijih belih vina, koje zbog izuzetnog prirodnog gro\u017e\u0111anog \u0161e\u0107era ima jak, pun, harmoni\u010dan i u ve\u0107ini berbi slatkasti i aromati\u010dan ukus, sa jasnim i prepoznatiljivim mirisom.<\/p>\n","protected":false},"featured_media":6535,"template":"","meta":[],"product_cat":[56],"product_tag":[48],"class_list":{"0":"post-6534","1":"product","2":"type-product","3":"status-publish","4":"has-post-thumbnail","6":"product_cat-vino","7":"product_tag-vino","9":"first","10":"instock","11":"shipping-taxable","12":"product-type-simple"},"yoast_head":"<!-- This site is optimized with the Yoast SEO plugin v17.5 - https:\/\/yoast.com\/wordpress\/plugins\/seo\/ -->\n<title>Sauvignon Blanc- Sala\u0161 Na\u0161 - Vinarija Sala\u0161 Na\u0161<\/title>\n<meta name=\"robots\" content=\"index, follow, max-snippet:-1, max-image-preview:large, max-video-preview:-1\" \/>\n<link rel=\"canonical\" href=\"https:\/\/vinarijasalasnas.rs\/?product=sauvignon-blanc-salas-nas\" \/>\n<meta property=\"og:locale\" content=\"en_US\" \/>\n<meta property=\"og:type\" content=\"article\" \/>\n<meta property=\"og:title\" content=\"Sauvignon Blanc- Sala\u0161 Na\u0161 - Vinarija Sala\u0161 Na\u0161\" \/>\n<meta property=\"og:description\" content=\"Radoznali Sauvignon Blanc jedno je od najpopularnijih belih vina, koje zbog izuzetnog prirodnog gro\u017e\u0111anog \u0161e\u0107era ima jak, pun, harmoni\u010dan i u ve\u0107ini berbi slatkasti i aromati\u010dan ukus, sa jasnim i prepoznatiljivim mirisom.\" \/>\n<meta property=\"og:url\" content=\"https:\/\/vinarijasalasnas.rs\/?product=sauvignon-blanc-salas-nas\" \/>\n<meta property=\"og:site_name\" content=\"Vinarija Sala\u0161 Na\u0161\" \/>\n<meta property=\"article:modified_time\" content=\"2023-05-11T12:21:30+00:00\" \/>\n<meta property=\"og:image\" content=\"https:\/\/vinarijasalasnas.rs\/wp-content\/uploads\/2021\/12\/SalasNas-SauvignonBlanc.png\" \/>\n\t<meta property=\"og:image:width\" content=\"500\" \/>\n\t<meta property=\"og:image:height\" content=\"1500\" \/>\n<meta name=\"twitter:card\" content=\"summary_large_image\" \/>\n<meta name=\"twitter:label1\" content=\"Est. reading time\" \/>\n\t<meta name=\"twitter:data1\" content=\"1 minute\" \/>\n<script type=\"application\/ld+json\" class=\"yoast-schema-graph\">{\"@context\":\"https:\/\/schema.org\",\"@graph\":[{\"@type\":\"WebSite\",\"@id\":\"https:\/\/vinarijasalasnas.rs\/#website\",\"url\":\"https:\/\/vinarijasalasnas.rs\/\",\"name\":\"Vinarija Sala\\u0161 Na\\u0161\",\"description\":\"\",\"potentialAction\":[{\"@type\":\"SearchAction\",\"target\":{\"@type\":\"EntryPoint\",\"urlTemplate\":\"https:\/\/vinarijasalasnas.rs\/?s={search_term_string}\"},\"query-input\":\"required name=search_term_string\"}],\"inLanguage\":\"en-US\"},{\"@type\":\"ImageObject\",\"@id\":\"https:\/\/vinarijasalasnas.rs\/?product=sauvignon-blanc-salas-nas#primaryimage\",\"inLanguage\":\"en-US\",\"url\":\"https:\/\/vinarijasalasnas.rs\/wp-content\/uploads\/2021\/12\/SalasNas-SauvignonBlanc-e1683891382171.png\",\"contentUrl\":\"https:\/\/vinarijasalasnas.rs\/wp-content\/uploads\/2021\/12\/SalasNas-SauvignonBlanc-e1683891382171.png\",\"width\":267,\"height\":800,\"caption\":\"Sauvignon Blanc Vinarija Sala\\u0161 Na\\u0161\"},{\"@type\":\"WebPage\",\"@id\":\"https:\/\/vinarijasalasnas.rs\/?product=sauvignon-blanc-salas-nas#webpage\",\"url\":\"https:\/\/vinarijasalasnas.rs\/?product=sauvignon-blanc-salas-nas\",\"name\":\"Sauvignon Blanc- Sala\\u0161 Na\\u0161 - Vinarija Sala\\u0161 Na\\u0161\",\"isPartOf\":{\"@id\":\"https:\/\/vinarijasalasnas.rs\/#website\"},\"primaryImageOfPage\":{\"@id\":\"https:\/\/vinarijasalasnas.rs\/?product=sauvignon-blanc-salas-nas#primaryimage\"},\"datePublished\":\"2021-12-22T13:42:33+00:00\",\"dateModified\":\"2023-05-11T12:21:30+00:00\",\"breadcrumb\":{\"@id\":\"https:\/\/vinarijasalasnas.rs\/?product=sauvignon-blanc-salas-nas#breadcrumb\"},\"inLanguage\":\"en-US\",\"potentialAction\":[{\"@type\":\"ReadAction\",\"target\":[\"https:\/\/vinarijasalasnas.rs\/?product=sauvignon-blanc-salas-nas\"]}]},{\"@type\":\"BreadcrumbList\",\"@id\":\"https:\/\/vinarijasalasnas.rs\/?product=sauvignon-blanc-salas-nas#breadcrumb\",\"itemListElement\":[{\"@type\":\"ListItem\",\"position\":1,\"name\":\"Home\",\"item\":\"https:\/\/vinarijasalasnas.rs\/\"},{\"@type\":\"ListItem\",\"position\":2,\"name\":\"Shop\",\"item\":\"https:\/\/vinarijasalasnas.rs\/?page_id=19\"},{\"@type\":\"ListItem\",\"position\":3,\"name\":\"Sauvignon Blanc- Sala\\u0161 Na\\u0161\"}]}]}<\/script>\n<!-- \/ Yoast SEO plugin. -->","yoast_head_json":{"title":"Sauvignon Blanc- Sala\u0161 Na\u0161 - Vinarija Sala\u0161 Na\u0161","robots":{"index":"index","follow":"follow","max-snippet":"max-snippet:-1","max-image-preview":"max-image-preview:large","max-video-preview":"max-video-preview:-1"},"canonical":"https:\/\/vinarijasalasnas.rs\/?product=sauvignon-blanc-salas-nas","og_locale":"en_US","og_type":"article","og_title":"Sauvignon Blanc- Sala\u0161 Na\u0161 - Vinarija Sala\u0161 Na\u0161","og_description":"Radoznali Sauvignon Blanc jedno je od najpopularnijih belih vina, koje zbog izuzetnog prirodnog gro\u017e\u0111anog \u0161e\u0107era ima jak, pun, harmoni\u010dan i u ve\u0107ini berbi slatkasti i aromati\u010dan ukus, sa jasnim i prepoznatiljivim mirisom.","og_url":"https:\/\/vinarijasalasnas.rs\/?product=sauvignon-blanc-salas-nas","og_site_name":"Vinarija Sala\u0161 Na\u0161","article_modified_time":"2023-05-11T12:21:30+00:00","og_image":[{"width":500,"height":1500,"url":"https:\/\/vinarijasalasnas.rs\/wp-content\/uploads\/2021\/12\/SalasNas-SauvignonBlanc.png","type":"image\/png"}],"twitter_card":"summary_large_image","twitter_misc":{"Est. reading time":"1 minute"},"schema":{"@context":"https:\/\/schema.org","@graph":[{"@type":"WebSite","@id":"https:\/\/vinarijasalasnas.rs\/#website","url":"https:\/\/vinarijasalasnas.rs\/","name":"Vinarija Sala\u0161 Na\u0161","description":"","potentialAction":[{"@type":"SearchAction","target":{"@type":"EntryPoint","urlTemplate":"https:\/\/vinarijasalasnas.rs\/?s={search_term_string}"},"query-input":"required name=search_term_string"}],"inLanguage":"en-US"},{"@type":"ImageObject","@id":"https:\/\/vinarijasalasnas.rs\/?product=sauvignon-blanc-salas-nas#primaryimage","inLanguage":"en-US","url":"https:\/\/vinarijasalasnas.rs\/wp-content\/uploads\/2021\/12\/SalasNas-SauvignonBlanc-e1683891382171.png","contentUrl":"https:\/\/vinarijasalasnas.rs\/wp-content\/uploads\/2021\/12\/SalasNas-SauvignonBlanc-e1683891382171.png","width":267,"height":800,"caption":"Sauvignon Blanc Vinarija Sala\u0161 Na\u0161"},{"@type":"WebPage","@id":"https:\/\/vinarijasalasnas.rs\/?product=sauvignon-blanc-salas-nas#webpage","url":"https:\/\/vinarijasalasnas.rs\/?product=sauvignon-blanc-salas-nas","name":"Sauvignon Blanc- Sala\u0161 Na\u0161 - Vinarija Sala\u0161 Na\u0161","isPartOf":{"@id":"https:\/\/vinarijasalasnas.rs\/#website"},"primaryImageOfPage":{"@id":"https:\/\/vinarijasalasnas.rs\/?product=sauvignon-blanc-salas-nas#primaryimage"},"datePublished":"2021-12-22T13:42:33+00:00","dateModified":"2023-05-11T12:21:30+00:00","breadcrumb":{"@id":"https:\/\/vinarijasalasnas.rs\/?product=sauvignon-blanc-salas-nas#breadcrumb"},"inLanguage":"en-US","potentialAction":[{"@type":"ReadAction","target":["https:\/\/vinarijasalasnas.rs\/?product=sauvignon-blanc-salas-nas"]}]},{"@type":"BreadcrumbList","@id":"https:\/\/vinarijasalasnas.rs\/?product=sauvignon-blanc-salas-nas#breadcrumb","itemListElement":[{"@type":"ListItem","position":1,"name":"Home","item":"https:\/\/vinarijasalasnas.rs\/"},{"@type":"ListItem","position":2,"name":"Shop","item":"https:\/\/vinarijasalasnas.rs\/?page_id=19"},{"@type":"ListItem","position":3,"name":"Sauvignon Blanc- Sala\u0161 Na\u0161"}]}]}},"_links":{"self":[{"href":"https:\/\/vinarijasalasnas.rs\/index.php?rest_route=\/wp\/v2\/product\/6534","targetHints":{"allow":["GET"]}}],"collection":[{"href":"https:\/\/vinarijasalasnas.rs\/index.php?rest_route=\/wp\/v2\/product"}],"about":[{"href":"https:\/\/vinarijasalasnas.rs\/index.php?rest_route=\/wp\/v2\/types\/product"}],"wp:featuredmedia":[{"embeddable":true,"href":"https:\/\/vinarijasalasnas.rs\/index.php?rest_route=\/wp\/v2\/media\/6535"}],"wp:attachment":[{"href":"https:\/\/vinarijasalasnas.rs\/index.php?rest_route=%2Fwp%2Fv2%2Fmedia&parent=6534"}],"wp:term":[{"taxonomy":"product_cat","embeddable":true,"href":"https:\/\/vinarijasalasnas.rs\/index.php?rest_route=%2Fwp%2Fv2%2Fproduct_cat&post=6534"},{"taxonomy":"product_tag","embeddable":true,"href":"https:\/\/vinarijasalasnas.rs\/index.php?rest_route=%2Fwp%2Fv2%2Fproduct_tag&post=6534"}],"curies":[{"name":"wp","href":"https:\/\/api.w.org\/{rel}","templated":true}]}}