{"id":6719,"date":"2023-04-13T07:15:42","date_gmt":"2023-04-13T07:15:42","guid":{"rendered":"https:\/\/vinarijasalasnas.rs\/?post_type=product&#038;p=6719"},"modified":"2023-11-09T07:23:59","modified_gmt":"2023-11-09T07:23:59","slug":"rakija-od-dunje-salas-nas","status":"publish","type":"product","link":"https:\/\/vinarijasalasnas.rs\/?product=rakija-od-dunje-salas-nas","title":{"rendered":"Rakija od dunje  &#8211; Sala\u0161 Na\u0161"},"content":{"rendered":"<p>Vo\u0107na rakija tipi\u010dnog i intenzivnog mirisa dunje, koji budi emocije ljubavi, sre\u0107e i postojanosti. Proizvedena od najzrelijih aromati\u010dnih plodova dunje, sa dosta truda i ljubavi, ova rakija odi\u0161e vrhunskim kvalitetom i bistrinom, kao i dugotrajnom puno\u0107om ukusa. Svaki gutljaj nas vra\u0107a u neka stara lepa vremena i miris sa ormara na\u0161ih baka i dedova.<\/p>\n<p>Dobitnik srebrne medalje za kvalitet Novosadskog sajma 2023.<\/p>\n","protected":false},"excerpt":{"rendered":"<p>Vo\u0107na rakija tipi\u010dnog i intenzivnog mirisa dunje, koji budi emocije ljubavi, sre\u0107e i postojanosti. Proizvedena od najzrelijih aromati\u010dnih plodova dunje, sa dosta truda i ljubavi, ova rakija odi\u0161e vrhunskim kvalitetom i bistrinom, kao i dugotrajnom puno\u0107om ukusa. Svaki gutljaj nas vra\u0107a u neka stara lepa vremena i miris sa ormara na\u0161ih baka i dedova.<\/p>\n<p>Dobitnik srebrne medalje za kvalitet Novosadskog sajma 2023.<\/p>\n","protected":false},"featured_media":6720,"template":"","meta":[],"product_cat":[54],"product_tag":[55],"class_list":{"0":"post-6719","1":"product","2":"type-product","3":"status-publish","4":"has-post-thumbnail","6":"product_cat-rakija","7":"product_tag-rakija","9":"first","10":"instock","11":"shipping-taxable","12":"product-type-simple"},"yoast_head":"<!-- This site is optimized with the Yoast SEO plugin v17.5 - https:\/\/yoast.com\/wordpress\/plugins\/seo\/ -->\n<title>Rakija od dunje - Sala\u0161 Na\u0161 - Vinarija Sala\u0161 Na\u0161<\/title>\n<meta name=\"robots\" content=\"index, follow, max-snippet:-1, max-image-preview:large, max-video-preview:-1\" \/>\n<link rel=\"canonical\" href=\"https:\/\/vinarijasalasnas.rs\/?product=rakija-od-dunje-salas-nas\" \/>\n<meta property=\"og:locale\" content=\"en_US\" \/>\n<meta property=\"og:type\" content=\"article\" \/>\n<meta property=\"og:title\" content=\"Rakija od dunje - Sala\u0161 Na\u0161 - Vinarija Sala\u0161 Na\u0161\" \/>\n<meta property=\"og:description\" content=\"Vo\u0107na rakija tipi\u010dnog i intenzivnog mirisa dunje, koji budi emocije ljubavi, sre\u0107e i postojanosti. Proizvedena od najzrelijih aromati\u010dnih plodova dunje, sa dosta truda i ljubavi, ova rakija odi\u0161e vrhunskim kvalitetom i bistrinom, kao i dugotrajnom puno\u0107om ukusa. Svaki gutljaj nas vra\u0107a u neka stara lepa vremena i miris sa ormara na\u0161ih baka i dedova.  Dobitnik srebrne medalje za kvalitet Novosadskog sajma 2023.\" \/>\n<meta property=\"og:url\" content=\"https:\/\/vinarijasalasnas.rs\/?product=rakija-od-dunje-salas-nas\" \/>\n<meta property=\"og:site_name\" content=\"Vinarija Sala\u0161 Na\u0161\" \/>\n<meta property=\"article:modified_time\" content=\"2023-11-09T07:23:59+00:00\" \/>\n<meta property=\"og:image\" content=\"https:\/\/vinarijasalasnas.rs\/wp-content\/uploads\/2023\/04\/SalasNas_Dunja05L-e1683891570571.png\" \/>\n\t<meta property=\"og:image:width\" content=\"800\" \/>\n\t<meta property=\"og:image:height\" content=\"1000\" \/>\n<meta name=\"twitter:card\" content=\"summary_large_image\" \/>\n<meta name=\"twitter:label1\" content=\"Est. reading time\" \/>\n\t<meta name=\"twitter:data1\" content=\"1 minute\" \/>\n<script type=\"application\/ld+json\" class=\"yoast-schema-graph\">{\"@context\":\"https:\/\/schema.org\",\"@graph\":[{\"@type\":\"WebSite\",\"@id\":\"https:\/\/vinarijasalasnas.rs\/#website\",\"url\":\"https:\/\/vinarijasalasnas.rs\/\",\"name\":\"Vinarija Sala\\u0161 Na\\u0161\",\"description\":\"\",\"potentialAction\":[{\"@type\":\"SearchAction\",\"target\":{\"@type\":\"EntryPoint\",\"urlTemplate\":\"https:\/\/vinarijasalasnas.rs\/?s={search_term_string}\"},\"query-input\":\"required name=search_term_string\"}],\"inLanguage\":\"en-US\"},{\"@type\":\"ImageObject\",\"@id\":\"https:\/\/vinarijasalasnas.rs\/?product=rakija-od-dunje-salas-nas#primaryimage\",\"inLanguage\":\"en-US\",\"url\":\"https:\/\/vinarijasalasnas.rs\/wp-content\/uploads\/2023\/04\/SalasNas_Dunja05L-e1683891570571.png\",\"contentUrl\":\"https:\/\/vinarijasalasnas.rs\/wp-content\/uploads\/2023\/04\/SalasNas_Dunja05L-e1683891570571.png\",\"width\":800,\"height\":1000},{\"@type\":\"WebPage\",\"@id\":\"https:\/\/vinarijasalasnas.rs\/?product=rakija-od-dunje-salas-nas#webpage\",\"url\":\"https:\/\/vinarijasalasnas.rs\/?product=rakija-od-dunje-salas-nas\",\"name\":\"Rakija od dunje - Sala\\u0161 Na\\u0161 - Vinarija Sala\\u0161 Na\\u0161\",\"isPartOf\":{\"@id\":\"https:\/\/vinarijasalasnas.rs\/#website\"},\"primaryImageOfPage\":{\"@id\":\"https:\/\/vinarijasalasnas.rs\/?product=rakija-od-dunje-salas-nas#primaryimage\"},\"datePublished\":\"2023-04-13T07:15:42+00:00\",\"dateModified\":\"2023-11-09T07:23:59+00:00\",\"breadcrumb\":{\"@id\":\"https:\/\/vinarijasalasnas.rs\/?product=rakija-od-dunje-salas-nas#breadcrumb\"},\"inLanguage\":\"en-US\",\"potentialAction\":[{\"@type\":\"ReadAction\",\"target\":[\"https:\/\/vinarijasalasnas.rs\/?product=rakija-od-dunje-salas-nas\"]}]},{\"@type\":\"BreadcrumbList\",\"@id\":\"https:\/\/vinarijasalasnas.rs\/?product=rakija-od-dunje-salas-nas#breadcrumb\",\"itemListElement\":[{\"@type\":\"ListItem\",\"position\":1,\"name\":\"Home\",\"item\":\"https:\/\/vinarijasalasnas.rs\/\"},{\"@type\":\"ListItem\",\"position\":2,\"name\":\"Shop\",\"item\":\"https:\/\/vinarijasalasnas.rs\/?page_id=19\"},{\"@type\":\"ListItem\",\"position\":3,\"name\":\"Rakija od dunje &#8211; Sala\\u0161 Na\\u0161\"}]}]}<\/script>\n<!-- \/ Yoast SEO plugin. -->","yoast_head_json":{"title":"Rakija od dunje - Sala\u0161 Na\u0161 - Vinarija Sala\u0161 Na\u0161","robots":{"index":"index","follow":"follow","max-snippet":"max-snippet:-1","max-image-preview":"max-image-preview:large","max-video-preview":"max-video-preview:-1"},"canonical":"https:\/\/vinarijasalasnas.rs\/?product=rakija-od-dunje-salas-nas","og_locale":"en_US","og_type":"article","og_title":"Rakija od dunje - Sala\u0161 Na\u0161 - Vinarija Sala\u0161 Na\u0161","og_description":"Vo\u0107na rakija tipi\u010dnog i intenzivnog mirisa dunje, koji budi emocije ljubavi, sre\u0107e i postojanosti. Proizvedena od najzrelijih aromati\u010dnih plodova dunje, sa dosta truda i ljubavi, ova rakija odi\u0161e vrhunskim kvalitetom i bistrinom, kao i dugotrajnom puno\u0107om ukusa. Svaki gutljaj nas vra\u0107a u neka stara lepa vremena i miris sa ormara na\u0161ih baka i dedova.  Dobitnik srebrne medalje za kvalitet Novosadskog sajma 2023.","og_url":"https:\/\/vinarijasalasnas.rs\/?product=rakija-od-dunje-salas-nas","og_site_name":"Vinarija Sala\u0161 Na\u0161","article_modified_time":"2023-11-09T07:23:59+00:00","og_image":[{"width":800,"height":1000,"url":"https:\/\/vinarijasalasnas.rs\/wp-content\/uploads\/2023\/04\/SalasNas_Dunja05L-e1683891570571.png","type":"image\/png"}],"twitter_card":"summary_large_image","twitter_misc":{"Est. reading time":"1 minute"},"schema":{"@context":"https:\/\/schema.org","@graph":[{"@type":"WebSite","@id":"https:\/\/vinarijasalasnas.rs\/#website","url":"https:\/\/vinarijasalasnas.rs\/","name":"Vinarija Sala\u0161 Na\u0161","description":"","potentialAction":[{"@type":"SearchAction","target":{"@type":"EntryPoint","urlTemplate":"https:\/\/vinarijasalasnas.rs\/?s={search_term_string}"},"query-input":"required name=search_term_string"}],"inLanguage":"en-US"},{"@type":"ImageObject","@id":"https:\/\/vinarijasalasnas.rs\/?product=rakija-od-dunje-salas-nas#primaryimage","inLanguage":"en-US","url":"https:\/\/vinarijasalasnas.rs\/wp-content\/uploads\/2023\/04\/SalasNas_Dunja05L-e1683891570571.png","contentUrl":"https:\/\/vinarijasalasnas.rs\/wp-content\/uploads\/2023\/04\/SalasNas_Dunja05L-e1683891570571.png","width":800,"height":1000},{"@type":"WebPage","@id":"https:\/\/vinarijasalasnas.rs\/?product=rakija-od-dunje-salas-nas#webpage","url":"https:\/\/vinarijasalasnas.rs\/?product=rakija-od-dunje-salas-nas","name":"Rakija od dunje - Sala\u0161 Na\u0161 - Vinarija Sala\u0161 Na\u0161","isPartOf":{"@id":"https:\/\/vinarijasalasnas.rs\/#website"},"primaryImageOfPage":{"@id":"https:\/\/vinarijasalasnas.rs\/?product=rakija-od-dunje-salas-nas#primaryimage"},"datePublished":"2023-04-13T07:15:42+00:00","dateModified":"2023-11-09T07:23:59+00:00","breadcrumb":{"@id":"https:\/\/vinarijasalasnas.rs\/?product=rakija-od-dunje-salas-nas#breadcrumb"},"inLanguage":"en-US","potentialAction":[{"@type":"ReadAction","target":["https:\/\/vinarijasalasnas.rs\/?product=rakija-od-dunje-salas-nas"]}]},{"@type":"BreadcrumbList","@id":"https:\/\/vinarijasalasnas.rs\/?product=rakija-od-dunje-salas-nas#breadcrumb","itemListElement":[{"@type":"ListItem","position":1,"name":"Home","item":"https:\/\/vinarijasalasnas.rs\/"},{"@type":"ListItem","position":2,"name":"Shop","item":"https:\/\/vinarijasalasnas.rs\/?page_id=19"},{"@type":"ListItem","position":3,"name":"Rakija od dunje &#8211; Sala\u0161 Na\u0161"}]}]}},"_links":{"self":[{"href":"https:\/\/vinarijasalasnas.rs\/index.php?rest_route=\/wp\/v2\/product\/6719","targetHints":{"allow":["GET"]}}],"collection":[{"href":"https:\/\/vinarijasalasnas.rs\/index.php?rest_route=\/wp\/v2\/product"}],"about":[{"href":"https:\/\/vinarijasalasnas.rs\/index.php?rest_route=\/wp\/v2\/types\/product"}],"wp:featuredmedia":[{"embeddable":true,"href":"https:\/\/vinarijasalasnas.rs\/index.php?rest_route=\/wp\/v2\/media\/6720"}],"wp:attachment":[{"href":"https:\/\/vinarijasalasnas.rs\/index.php?rest_route=%2Fwp%2Fv2%2Fmedia&parent=6719"}],"wp:term":[{"taxonomy":"product_cat","embeddable":true,"href":"https:\/\/vinarijasalasnas.rs\/index.php?rest_route=%2Fwp%2Fv2%2Fproduct_cat&post=6719"},{"taxonomy":"product_tag","embeddable":true,"href":"https:\/\/vinarijasalasnas.rs\/index.php?rest_route=%2Fwp%2Fv2%2Fproduct_tag&post=6719"}],"curies":[{"name":"wp","href":"https:\/\/api.w.org\/{rel}","templated":true}]}}